{"id":2635,"date":"2025-11-12T17:11:50","date_gmt":"2025-11-12T15:11:50","guid":{"rendered":"https:\/\/loimuresort.fi\/?page_id=2635"},"modified":"2026-01-12T11:52:47","modified_gmt":"2026-01-12T09:52:47","slug":"activities","status":"publish","type":"page","link":"https:\/\/loimuresort.fi\/en\/aktiviteetit\/","title":{"rendered":"Activities"},"content":{"rendered":"<div data-elementor-type=\"wp-page\" data-elementor-id=\"2635\" class=\"elementor elementor-2635\" data-elementor-post-type=\"page\">\n\t\t\t\t\t\t<section data-particle_enable=\"false\" data-particle-mobile-disabled=\"false\" class=\"elementor-section elementor-top-section elementor-element elementor-element-acce974 elementor-section-full_width elementor-section-height-min-height elementor-section-items-stretch elementor-section-content-bottom elementor-section-height-default\" data-id=\"acce974\" data-element_type=\"section\" data-e-type=\"section\">\n\t\t\t\t\t\t<div class=\"elementor-container elementor-column-gap-no\">\n\t\t\t\t\t<div class=\"elementor-column elementor-col-50 elementor-top-column elementor-element elementor-element-db4315e\" data-id=\"db4315e\" data-element_type=\"column\" data-e-type=\"column\" data-settings=\"{&quot;background_background&quot;:&quot;classic&quot;}\">\n\t\t\t<div class=\"elementor-widget-wrap elementor-element-populated\">\n\t\t\t\t\t<div class=\"elementor-background-overlay\"><\/div>\n\t\t\t\t\t\t<div class=\"elementor-element elementor-element-4ed3d47 elementor-widget elementor-widget-heading\" data-id=\"4ed3d47\" data-element_type=\"widget\" data-e-type=\"widget\" data-widget_type=\"heading.default\">\n\t\t\t\t<div class=\"elementor-widget-container\">\n\t\t\t\t\t<h1 class=\"elementor-heading-title elementor-size-default\">Activities<\/h1>\t\t\t\t<\/div>\n\t\t\t\t<\/div>\n\t\t\t\t<div class=\"elementor-element elementor-element-5edd178 elementor-widget__width-initial elementor-widget elementor-widget-heading\" data-id=\"5edd178\" data-element_type=\"widget\" data-e-type=\"widget\" data-widget_type=\"heading.default\">\n\t\t\t\t<div class=\"elementor-widget-container\">\n\t\t\t\t\t<h2 class=\"elementor-heading-title elementor-size-default\">You can book activities through our partner on this page.<\/h2>\t\t\t\t<\/div>\n\t\t\t\t<\/div>\n\t\t\t\t\t<\/div>\n\t\t<\/div>\n\t\t\t\t<div class=\"elementor-column elementor-col-50 elementor-top-column elementor-element elementor-element-995b0fb\" data-id=\"995b0fb\" data-element_type=\"column\" data-e-type=\"column\">\n\t\t\t<div class=\"elementor-widget-wrap elementor-element-populated\">\n\t\t\t\t\t\t<div class=\"elementor-element elementor-element-ffe3eab elementor-widget elementor-widget-image\" data-id=\"ffe3eab\" data-element_type=\"widget\" data-e-type=\"widget\" data-widget_type=\"image.default\">\n\t\t\t\t<div class=\"elementor-widget-container\">\n\t\t\t\t\t\t\t\t\t\t\t\t\t\t\t<img fetchpriority=\"high\" decoding=\"async\" width=\"2048\" height=\"1367\" src=\"https:\/\/loimuresort.fi\/wp-content\/uploads\/2025\/11\/LoimuResort-NorthWindLapland-activities-collaboration.jpg\" class=\"attachment-full size-full wp-image-2637\" alt=\"A winter hike in beautiful Lapland fells\" srcset=\"https:\/\/loimuresort.fi\/wp-content\/uploads\/2025\/11\/LoimuResort-NorthWindLapland-activities-collaboration.jpg 2048w, https:\/\/loimuresort.fi\/wp-content\/uploads\/2025\/11\/LoimuResort-NorthWindLapland-activities-collaboration-300x200.jpg 300w, https:\/\/loimuresort.fi\/wp-content\/uploads\/2025\/11\/LoimuResort-NorthWindLapland-activities-collaboration-1024x684.jpg 1024w, https:\/\/loimuresort.fi\/wp-content\/uploads\/2025\/11\/LoimuResort-NorthWindLapland-activities-collaboration-768x513.jpg 768w, https:\/\/loimuresort.fi\/wp-content\/uploads\/2025\/11\/LoimuResort-NorthWindLapland-activities-collaboration-200x133.jpg 200w, https:\/\/loimuresort.fi\/wp-content\/uploads\/2025\/11\/LoimuResort-NorthWindLapland-activities-collaboration-1536x1025.jpg 1536w, https:\/\/loimuresort.fi\/wp-content\/uploads\/2025\/11\/LoimuResort-NorthWindLapland-activities-collaboration-18x12.jpg 18w\" sizes=\"(max-width: 2048px) 100vw, 2048px\" \/>\t\t\t\t\t\t\t\t\t\t\t\t\t\t\t<\/div>\n\t\t\t\t<\/div>\n\t\t\t\t\t<\/div>\n\t\t<\/div>\n\t\t\t\t\t<\/div>\n\t\t<\/section>\n\t\t\t\t<section data-particle_enable=\"false\" data-particle-mobile-disabled=\"false\" class=\"elementor-section elementor-top-section elementor-element elementor-element-8cb0594 elementor-section-full_width elementor-section-height-default elementor-section-height-default\" data-id=\"8cb0594\" data-element_type=\"section\" data-e-type=\"section\">\n\t\t\t\t\t\t<div class=\"elementor-container elementor-column-gap-no\">\n\t\t\t\t\t<div class=\"elementor-column elementor-col-50 elementor-top-column elementor-element elementor-element-248cf43\" data-id=\"248cf43\" data-element_type=\"column\" data-e-type=\"column\">\n\t\t\t<div class=\"elementor-widget-wrap elementor-element-populated\">\n\t\t\t\t\t\t<div class=\"elementor-element elementor-element-383a65a elementor-widget elementor-widget-text-editor\" data-id=\"383a65a\" data-element_type=\"widget\" data-e-type=\"widget\" data-widget_type=\"text-editor.default\">\n\t\t\t\t<div class=\"elementor-widget-container\">\n\t\t\t\t\t\t\t\t\t<p>You can find activities on offer below provided by our trusted partner. Book some amazing adventures and activities for your stay!<\/p>\t\t\t\t\t\t\t\t<\/div>\n\t\t\t\t<\/div>\n\t\t\t\t\t<\/div>\n\t\t<\/div>\n\t\t\t\t<div class=\"elementor-column elementor-col-50 elementor-top-column elementor-element elementor-element-debcb68\" data-id=\"debcb68\" data-element_type=\"column\" data-e-type=\"column\">\n\t\t\t<div class=\"elementor-widget-wrap\">\n\t\t\t\t\t\t\t<\/div>\n\t\t<\/div>\n\t\t\t\t\t<\/div>\n\t\t<\/section>\n\t\t\t\t<section data-particle_enable=\"false\" data-particle-mobile-disabled=\"false\" class=\"elementor-section elementor-top-section elementor-element elementor-element-d87972a elementor-section-boxed elementor-section-height-default elementor-section-height-default\" data-id=\"d87972a\" data-element_type=\"section\" data-e-type=\"section\">\n\t\t\t\t\t\t<div class=\"elementor-container elementor-column-gap-default\">\n\t\t\t\t\t<div class=\"elementor-column elementor-col-100 elementor-top-column elementor-element elementor-element-f542fe0\" data-id=\"f542fe0\" data-element_type=\"column\" data-e-type=\"column\">\n\t\t\t<div class=\"elementor-widget-wrap elementor-element-populated\">\n\t\t\t\t\t\t<div class=\"elementor-element elementor-element-c748ea9 elementor-widget elementor-widget-heading\" data-id=\"c748ea9\" data-element_type=\"widget\" data-e-type=\"widget\" data-widget_type=\"heading.default\">\n\t\t\t\t<div class=\"elementor-widget-container\">\n\t\t\t\t\t<h2 class=\"elementor-heading-title elementor-size-default\">Browse activities<\/h2>\t\t\t\t<\/div>\n\t\t\t\t<\/div>\n\t\t\t\t\t<\/div>\n\t\t<\/div>\n\t\t\t\t\t<\/div>\n\t\t<\/section>\n\t\t\t\t<section data-particle_enable=\"false\" data-particle-mobile-disabled=\"false\" class=\"elementor-section elementor-top-section elementor-element elementor-element-334110c elementor-section-boxed elementor-section-height-default elementor-section-height-default\" data-id=\"334110c\" data-element_type=\"section\" data-e-type=\"section\">\n\t\t\t\t\t\t<div class=\"elementor-container elementor-column-gap-default\">\n\t\t\t\t\t<div class=\"elementor-column elementor-col-100 elementor-top-column elementor-element elementor-element-f07400f\" data-id=\"f07400f\" data-element_type=\"column\" data-e-type=\"column\">\n\t\t\t<div class=\"elementor-widget-wrap elementor-element-populated\">\n\t\t\t\t\t\t<div class=\"elementor-element elementor-element-771fab8 elementor-widget elementor-widget-html\" data-id=\"771fab8\" data-element_type=\"widget\" data-e-type=\"widget\" data-widget_type=\"html.default\">\n\t\t\t\t<div class=\"elementor-widget-container\">\n\t\t\t\t\t<script type=\"text\/javascript\" src=\"https:\/\/widgets.bokun.io\/assets\/javascripts\/apps\/build\/BokunWidgetsLoader.js?bookingChannelUUID=c2aa6bd9-5f23-4f88-a912-34277416cb18\" async><\/script>\n    \n    <div class=\"bokunWidget\" data-src=\"https:\/\/widgets.bokun.io\/online-sales\/c2aa6bd9-5f23-4f88-a912-34277416cb18\/product-list\/98757\"><\/div>\n    <noscript>Please enable javascript in your browser to book<\/noscript>\t\t\t\t<\/div>\n\t\t\t\t<\/div>\n\t\t\t\t\t<\/div>\n\t\t<\/div>\n\t\t\t\t\t<\/div>\n\t\t<\/section>\n\t\t\t\t<\/div>","protected":false},"excerpt":{"rendered":"<p>Aktiviteetit Voit varata aktiviteetteja yhteisty\u00f6kumppanimme kautta t\u00e4lt\u00e4 sivulta Yhteysty\u00f6kumppanimme tarjoamat aktiviteetit l\u00f6ytyv\u00e4t alta. Varaa mahtavaa seikkailua ja tekemist\u00e4 majoituksesi ajaksi! Selaa aktiviteetteja Please enable javascript in your browser to book<\/p>","protected":false},"author":1,"featured_media":0,"parent":0,"menu_order":0,"comment_status":"closed","ping_status":"closed","template":"elementor_header_footer","meta":{"_acf_changed":false,"footnotes":""},"class_list":["post-2635","page","type-page","status-publish","hentry"],"acf":[],"_links":{"self":[{"href":"https:\/\/loimuresort.fi\/en\/wp-json\/wp\/v2\/pages\/2635","targetHints":{"allow":["GET"]}}],"collection":[{"href":"https:\/\/loimuresort.fi\/en\/wp-json\/wp\/v2\/pages"}],"about":[{"href":"https:\/\/loimuresort.fi\/en\/wp-json\/wp\/v2\/types\/page"}],"author":[{"embeddable":true,"href":"https:\/\/loimuresort.fi\/en\/wp-json\/wp\/v2\/users\/1"}],"replies":[{"embeddable":true,"href":"https:\/\/loimuresort.fi\/en\/wp-json\/wp\/v2\/comments?post=2635"}],"version-history":[{"count":8,"href":"https:\/\/loimuresort.fi\/en\/wp-json\/wp\/v2\/pages\/2635\/revisions"}],"predecessor-version":[{"id":3202,"href":"https:\/\/loimuresort.fi\/en\/wp-json\/wp\/v2\/pages\/2635\/revisions\/3202"}],"wp:attachment":[{"href":"https:\/\/loimuresort.fi\/en\/wp-json\/wp\/v2\/media?parent=2635"}],"curies":[{"name":"wp","href":"https:\/\/api.w.org\/{rel}","templated":true}]}}