{"id":1470,"date":"2025-01-04T12:16:45","date_gmt":"2025-01-04T12:16:45","guid":{"rendered":"https:\/\/loimuresort.fi\/?page_id=1470"},"modified":"2025-06-13T13:12:27","modified_gmt":"2025-06-13T10:12:27","slug":"privacy-policy","status":"publish","type":"page","link":"https:\/\/loimuresort.fi\/en\/tietosuojaseloste\/","title":{"rendered":"Privacy policy"},"content":{"rendered":"<div data-elementor-type=\"wp-page\" data-elementor-id=\"1470\" class=\"elementor elementor-1470\" data-elementor-post-type=\"page\">\n\t\t\t\t\t\t<section data-particle_enable=\"false\" data-particle-mobile-disabled=\"false\" class=\"elementor-section elementor-top-section elementor-element elementor-element-6ba918c5 elementor-section-boxed elementor-section-height-default elementor-section-height-default\" data-id=\"6ba918c5\" data-element_type=\"section\" data-e-type=\"section\" data-settings=\"{&quot;background_background&quot;:&quot;classic&quot;}\">\n\t\t\t\t\t\t<div class=\"elementor-container elementor-column-gap-default\">\n\t\t\t\t\t<div class=\"elementor-column elementor-col-100 elementor-top-column elementor-element elementor-element-11813188\" data-id=\"11813188\" data-element_type=\"column\" data-e-type=\"column\">\n\t\t\t<div class=\"elementor-widget-wrap elementor-element-populated\">\n\t\t\t\t\t\t<div class=\"elementor-element elementor-element-30d9a22a elementor-widget elementor-widget-heading\" data-id=\"30d9a22a\" data-element_type=\"widget\" data-e-type=\"widget\" data-widget_type=\"heading.default\">\n\t\t\t\t<div class=\"elementor-widget-container\">\n\t\t\t\t\t<h1 class=\"elementor-heading-title elementor-size-default\">REGISTER AND PRIVACY POLICY\n<\/h1>\t\t\t\t<\/div>\n\t\t\t\t<\/div>\n\t\t\t\t<div class=\"elementor-element elementor-element-33580341 elementor-widget elementor-widget-text-editor\" data-id=\"33580341\" data-element_type=\"widget\" data-e-type=\"widget\" data-widget_type=\"text-editor.default\">\n\t\t\t\t<div class=\"elementor-widget-container\">\n\t\t\t\t\t\t\t\t\t<div data-id=\"af60be1\" data-element_type=\"widget\" data-widget_type=\"heading.default\"><div><div data-id=\"896c0e9\" data-element_type=\"widget\" data-widget_type=\"text-editor.default\"><div><p>This is a privacy and data protection statement of Loimu Resort in accordance with the EU General Data Protection Regulation (GDPR). Drafted on 4.1.2025.<\/p><\/div><\/div><div data-id=\"f8c341b\" data-element_type=\"widget\" data-widget_type=\"heading.default\"><div>\u00a0<\/div><\/div><\/div><\/div>\t\t\t\t\t\t\t\t<\/div>\n\t\t\t\t<\/div>\n\t\t\t\t<div class=\"elementor-element elementor-element-2b4cb7c4 elementor-widget elementor-widget-heading\" data-id=\"2b4cb7c4\" data-element_type=\"widget\" data-e-type=\"widget\" data-widget_type=\"heading.default\">\n\t\t\t\t<div class=\"elementor-widget-container\">\n\t\t\t\t\t<h2 class=\"elementor-heading-title elementor-size-default\">DATA CONTROLLER\n<\/h2>\t\t\t\t<\/div>\n\t\t\t\t<\/div>\n\t\t\t\t<div class=\"elementor-element elementor-element-2367b582 elementor-widget elementor-widget-text-editor\" data-id=\"2367b582\" data-element_type=\"widget\" data-e-type=\"widget\" data-widget_type=\"text-editor.default\">\n\t\t\t\t<div class=\"elementor-widget-container\">\n\t\t\t\t\t\t\t\t\t<div data-id=\"af60be1\" data-element_type=\"widget\" data-widget_type=\"heading.default\"><div><div data-id=\"896c0e9\" data-element_type=\"widget\" data-widget_type=\"text-editor.default\"><div><p>Loimu Resort<br \/>Tirroniementie 4 C<br \/>95980 Yll\u00e4sj\u00e4rvi<br \/>info@loimuresort.fi<\/p><\/div><\/div><\/div><\/div>\t\t\t\t\t\t\t\t<\/div>\n\t\t\t\t<\/div>\n\t\t\t\t<div class=\"elementor-element elementor-element-5a14ef39 elementor-widget elementor-widget-heading\" data-id=\"5a14ef39\" data-element_type=\"widget\" data-e-type=\"widget\" data-widget_type=\"heading.default\">\n\t\t\t\t<div class=\"elementor-widget-container\">\n\t\t\t\t\t<h2 class=\"elementor-heading-title elementor-size-default\">REQUESTS RELATED TO DATA PROTECTION\n<\/h2>\t\t\t\t<\/div>\n\t\t\t\t<\/div>\n\t\t\t\t<div class=\"elementor-element elementor-element-6d8197e1 elementor-widget elementor-widget-text-editor\" data-id=\"6d8197e1\" data-element_type=\"widget\" data-e-type=\"widget\" data-widget_type=\"text-editor.default\">\n\t\t\t\t<div class=\"elementor-widget-container\">\n\t\t\t\t\t\t\t\t\t<div data-id=\"af60be1\" data-element_type=\"widget\" data-widget_type=\"heading.default\"><div><div data-id=\"896c0e9\" data-element_type=\"widget\" data-widget_type=\"text-editor.default\"><div><p>Data protection requests are handled by <span style=\"color: #993300;\"><a style=\"color: #993300;\" href=\"https:\/\/louru.fi\" target=\"_blank\" rel=\"noopener\">Louru Oy<\/a>.<\/span><\/p><\/div><\/div><\/div><\/div>\t\t\t\t\t\t\t\t<\/div>\n\t\t\t\t<\/div>\n\t\t\t\t<div class=\"elementor-element elementor-element-246032d6 elementor-widget elementor-widget-heading\" data-id=\"246032d6\" data-element_type=\"widget\" data-e-type=\"widget\" data-widget_type=\"heading.default\">\n\t\t\t\t<div class=\"elementor-widget-container\">\n\t\t\t\t\t<h2 class=\"elementor-heading-title elementor-size-default\">THE NAME OF THE REGISTRY\n<\/h2>\t\t\t\t<\/div>\n\t\t\t\t<\/div>\n\t\t\t\t<div class=\"elementor-element elementor-element-37300438 elementor-widget elementor-widget-text-editor\" data-id=\"37300438\" data-element_type=\"widget\" data-e-type=\"widget\" data-widget_type=\"text-editor.default\">\n\t\t\t\t<div class=\"elementor-widget-container\">\n\t\t\t\t\t\t\t\t\t<div data-id=\"af60be1\" data-element_type=\"widget\" data-widget_type=\"heading.default\"><div><div data-id=\"896c0e9\" data-element_type=\"widget\" data-widget_type=\"text-editor.default\"><div><p>Loimu Resort Web service user register.<\/p><\/div><\/div><\/div><\/div>\t\t\t\t\t\t\t\t<\/div>\n\t\t\t\t<\/div>\n\t\t\t\t<div class=\"elementor-element elementor-element-417a0d14 elementor-widget elementor-widget-heading\" data-id=\"417a0d14\" data-element_type=\"widget\" data-e-type=\"widget\" data-widget_type=\"heading.default\">\n\t\t\t\t<div class=\"elementor-widget-container\">\n\t\t\t\t\t<h2 class=\"elementor-heading-title elementor-size-default\">THE PURPOSE OF PROCESSING PERSONAL DATA\n<\/h2>\t\t\t\t<\/div>\n\t\t\t\t<\/div>\n\t\t\t\t<div class=\"elementor-element elementor-element-70aa721 elementor-widget elementor-widget-text-editor\" data-id=\"70aa721\" data-element_type=\"widget\" data-e-type=\"widget\" data-widget_type=\"text-editor.default\">\n\t\t\t\t<div class=\"elementor-widget-container\">\n\t\t\t\t\t\t\t\t\t<div data-id=\"af60be1\" data-element_type=\"widget\" data-widget_type=\"heading.default\"><div><div data-id=\"896c0e9\" data-element_type=\"widget\" data-widget_type=\"text-editor.default\"><div><p>The purpose of processing personal data is to contact customers, maintain customer relations and marketing. In addition, the information collected may be used to develop the online service. The data will not be used for automated decision-making or profiling.<\/p><\/div><\/div><\/div><\/div>\t\t\t\t\t\t\t\t<\/div>\n\t\t\t\t<\/div>\n\t\t\t\t<div class=\"elementor-element elementor-element-e1f2b53 elementor-widget elementor-widget-heading\" data-id=\"e1f2b53\" data-element_type=\"widget\" data-e-type=\"widget\" data-widget_type=\"heading.default\">\n\t\t\t\t<div class=\"elementor-widget-container\">\n\t\t\t\t\t<h2 class=\"elementor-heading-title elementor-size-default\">THE CONTENT OF THE REGISTER\n<\/h2>\t\t\t\t<\/div>\n\t\t\t\t<\/div>\n\t\t\t\t<div class=\"elementor-element elementor-element-7ac1802c elementor-widget elementor-widget-text-editor\" data-id=\"7ac1802c\" data-element_type=\"widget\" data-e-type=\"widget\" data-widget_type=\"text-editor.default\">\n\t\t\t\t<div class=\"elementor-widget-container\">\n\t\t\t\t\t\t\t\t\t<div data-id=\"af60be1\" data-element_type=\"widget\" data-widget_type=\"heading.default\"><div><div data-id=\"896c0e9\" data-element_type=\"widget\" data-widget_type=\"text-editor.default\"><div><p>The data to be recorded in the register are: Name of the person, name of the company, contact information (phone number, e-mail address, address), website addresses, information about ordered services and changes thereto, billing information, other information related to the customer relationship and ordered services.<\/p><p>The data will be kept for the time being.<\/p><\/div><\/div><\/div><\/div>\t\t\t\t\t\t\t\t<\/div>\n\t\t\t\t<\/div>\n\t\t\t\t<div class=\"elementor-element elementor-element-65f1118c elementor-widget elementor-widget-heading\" data-id=\"65f1118c\" data-element_type=\"widget\" data-e-type=\"widget\" data-widget_type=\"heading.default\">\n\t\t\t\t<div class=\"elementor-widget-container\">\n\t\t\t\t\t<h2 class=\"elementor-heading-title elementor-size-default\">REGULAR SOURCES OF INFORMATION\n<\/h2>\t\t\t\t<\/div>\n\t\t\t\t<\/div>\n\t\t\t\t<div class=\"elementor-element elementor-element-30765f86 elementor-widget elementor-widget-text-editor\" data-id=\"30765f86\" data-element_type=\"widget\" data-e-type=\"widget\" data-widget_type=\"text-editor.default\">\n\t\t\t\t<div class=\"elementor-widget-container\">\n\t\t\t\t\t\t\t\t\t<div data-id=\"af60be1\" data-element_type=\"widget\" data-widget_type=\"heading.default\"><div><div data-id=\"896c0e9\" data-element_type=\"widget\" data-widget_type=\"text-editor.default\"><div><p>The information stored in the register is obtained from the customer via email, telephone, social media services, contracts, customer meetings and other situations where the customer discloses their information.<\/p><p>Information on contact persons of businesses and other organisations may also be collected from public sources such as websites, directory services and other businesses.<\/p><\/div><\/div><\/div><\/div>\t\t\t\t\t\t\t\t<\/div>\n\t\t\t\t<\/div>\n\t\t\t\t<div class=\"elementor-element elementor-element-7db23a75 elementor-widget elementor-widget-heading\" data-id=\"7db23a75\" data-element_type=\"widget\" data-e-type=\"widget\" data-widget_type=\"heading.default\">\n\t\t\t\t<div class=\"elementor-widget-container\">\n\t\t\t\t\t<h2 class=\"elementor-heading-title elementor-size-default\">TRANSFER OF DATA OUTSIDE THE EU OR ETA\n<\/h2>\t\t\t\t<\/div>\n\t\t\t\t<\/div>\n\t\t\t\t<div class=\"elementor-element elementor-element-1f4b9848 elementor-widget elementor-widget-text-editor\" data-id=\"1f4b9848\" data-element_type=\"widget\" data-e-type=\"widget\" data-widget_type=\"text-editor.default\">\n\t\t\t\t<div class=\"elementor-widget-container\">\n\t\t\t\t\t\t\t\t\t<div data-id=\"af60be1\" data-element_type=\"widget\" data-widget_type=\"heading.default\"><div><div data-id=\"896c0e9\" data-element_type=\"widget\" data-widget_type=\"text-editor.default\"><div><p>Data is not regularly disclosed to other parties. Data may be published to the extent agreed with the customer. Data may also be transferred outside the EU or EEA by the controller.<\/p><\/div><\/div><\/div><\/div>\t\t\t\t\t\t\t\t<\/div>\n\t\t\t\t<\/div>\n\t\t\t\t<div class=\"elementor-element elementor-element-2052a64d elementor-widget elementor-widget-heading\" data-id=\"2052a64d\" data-element_type=\"widget\" data-e-type=\"widget\" data-widget_type=\"heading.default\">\n\t\t\t\t<div class=\"elementor-widget-container\">\n\t\t\t\t\t<h2 class=\"elementor-heading-title elementor-size-default\">PRINCIPLES OF REGISTER PROTECTION\n<\/h2>\t\t\t\t<\/div>\n\t\t\t\t<\/div>\n\t\t\t\t<div class=\"elementor-element elementor-element-73d5a63d elementor-widget elementor-widget-text-editor\" data-id=\"73d5a63d\" data-element_type=\"widget\" data-e-type=\"widget\" data-widget_type=\"text-editor.default\">\n\t\t\t\t<div class=\"elementor-widget-container\">\n\t\t\t\t\t\t\t\t\t<div data-id=\"af60be1\" data-element_type=\"widget\" data-widget_type=\"heading.default\"><div><div data-id=\"896c0e9\" data-element_type=\"widget\" data-widget_type=\"text-editor.default\"><div><p>The controller shall ensure that stored data, server access rights and other information critical to the security of personal data are treated confidentially and only by employees whose job description includes this.<\/p><\/div><\/div><\/div><\/div>\t\t\t\t\t\t\t\t<\/div>\n\t\t\t\t<\/div>\n\t\t\t\t<div class=\"elementor-element elementor-element-41f40703 elementor-widget elementor-widget-heading\" data-id=\"41f40703\" data-element_type=\"widget\" data-e-type=\"widget\" data-widget_type=\"heading.default\">\n\t\t\t\t<div class=\"elementor-widget-container\">\n\t\t\t\t\t<h2 class=\"elementor-heading-title elementor-size-default\">RISKS\n<\/h2>\t\t\t\t<\/div>\n\t\t\t\t<\/div>\n\t\t\t\t<div class=\"elementor-element elementor-element-375e376c elementor-widget elementor-widget-text-editor\" data-id=\"375e376c\" data-element_type=\"widget\" data-e-type=\"widget\" data-widget_type=\"text-editor.default\">\n\t\t\t\t<div class=\"elementor-widget-container\">\n\t\t\t\t\t\t\t\t\t<div data-id=\"af60be1\" data-element_type=\"widget\" data-widget_type=\"heading.default\"><div><div data-id=\"896c0e9\" data-element_type=\"widget\" data-widget_type=\"text-editor.default\"><div><p>Risks related to personal data include data leaks. Personal data stored in the register is protected against unauthorised access, accidental or unlawful destruction, alteration, disclosure, transmission or other unlawful forms of processing.<\/p><\/div><\/div><\/div><\/div>\t\t\t\t\t\t\t\t<\/div>\n\t\t\t\t<\/div>\n\t\t\t\t<div class=\"elementor-element elementor-element-11cc9870 elementor-widget elementor-widget-heading\" data-id=\"11cc9870\" data-element_type=\"widget\" data-e-type=\"widget\" data-widget_type=\"heading.default\">\n\t\t\t\t<div class=\"elementor-widget-container\">\n\t\t\t\t\t<h2 class=\"elementor-heading-title elementor-size-default\">RIGHT OF ACCESS AND RIGHTS RELATING TO THE PROCESSING OF PERSONAL DATA\n<\/h2>\t\t\t\t<\/div>\n\t\t\t\t<\/div>\n\t\t\t\t<div class=\"elementor-element elementor-element-38f33bc6 elementor-widget elementor-widget-text-editor\" data-id=\"38f33bc6\" data-element_type=\"widget\" data-e-type=\"widget\" data-widget_type=\"text-editor.default\">\n\t\t\t\t<div class=\"elementor-widget-container\">\n\t\t\t\t\t\t\t\t\t<div data-id=\"af60be1\" data-element_type=\"widget\" data-widget_type=\"heading.default\"><div><div data-id=\"896c0e9\" data-element_type=\"widget\" data-widget_type=\"text-editor.default\"><div><p>Every person in the register has the right to inspect the data recorded in the register and to request that any inaccurate or incomplete data be corrected or completed.<\/p><p>If a person wishes to check the data stored about him or her, request rectification or request the erasure of personal data concerning him or her, the request must be sent in writing to the controller. The controller may, if necessary, ask the applicant to prove his or her identity. The controller will reply to the customer within the time limits set by the EU General Data Protection Regulation (as a general rule, within one month).<\/p><\/div><\/div><\/div><\/div>\t\t\t\t\t\t\t\t<\/div>\n\t\t\t\t<\/div>\n\t\t\t\t<div class=\"elementor-element elementor-element-60ace565 elementor-widget elementor-widget-heading\" data-id=\"60ace565\" data-element_type=\"widget\" data-e-type=\"widget\" data-widget_type=\"heading.default\">\n\t\t\t\t<div class=\"elementor-widget-container\">\n\t\t\t\t\t<h2 class=\"elementor-heading-title elementor-size-default\">COOKIES AND VISITOR TRACKING\n<\/h2>\t\t\t\t<\/div>\n\t\t\t\t<\/div>\n\t\t\t\t<div class=\"elementor-element elementor-element-77bc6b5e elementor-widget elementor-widget-text-editor\" data-id=\"77bc6b5e\" data-element_type=\"widget\" data-e-type=\"widget\" data-widget_type=\"text-editor.default\">\n\t\t\t\t<div class=\"elementor-widget-container\">\n\t\t\t\t\t\t\t\t\t<div data-id=\"af60be1\" data-element_type=\"widget\" data-widget_type=\"heading.default\"><div><div data-id=\"896c0e9\" data-element_type=\"widget\" data-widget_type=\"text-editor.default\"><div><p>Website visitor data and statistics are stored via Google Analytics web analytics service on Google servers, which may also be located outside the EEA (in Privacy Shield countries).<\/p><\/div><\/div><\/div><\/div>\t\t\t\t\t\t\t\t<\/div>\n\t\t\t\t<\/div>\n\t\t\t\t<div class=\"elementor-element elementor-element-16e4bfd elementor-widget elementor-widget-heading\" data-id=\"16e4bfd\" data-element_type=\"widget\" data-e-type=\"widget\" data-widget_type=\"heading.default\">\n\t\t\t\t<div class=\"elementor-widget-container\">\n\t\t\t\t\t<h2 class=\"elementor-heading-title elementor-size-default\">WHAT ARE COOKIES?\n<\/h2>\t\t\t\t<\/div>\n\t\t\t\t<\/div>\n\t\t\t\t<div class=\"elementor-element elementor-element-69cbe7ac elementor-widget elementor-widget-text-editor\" data-id=\"69cbe7ac\" data-element_type=\"widget\" data-e-type=\"widget\" data-widget_type=\"text-editor.default\">\n\t\t\t\t<div class=\"elementor-widget-container\">\n\t\t\t\t\t\t\t\t\t<div data-id=\"af60be1\" data-element_type=\"widget\" data-widget_type=\"heading.default\"><div><div data-id=\"896c0e9\" data-element_type=\"widget\" data-widget_type=\"text-editor.default\"><div><p>Cookies are small text files that are stored on a user's device when they visit a website. On each visit, these cookies are sent back to the website that identifies the cookie. Cookies can be used, for example, to identify the user's device, to store the choices made by the user on the website and to store login information. Cookies can also be used for visitor tracking, for example to improve the user experience and target advertising.<\/p><\/div><\/div><\/div><\/div>\t\t\t\t\t\t\t\t<\/div>\n\t\t\t\t<\/div>\n\t\t\t\t<div class=\"elementor-element elementor-element-1b6ea968 elementor-widget elementor-widget-heading\" data-id=\"1b6ea968\" data-element_type=\"widget\" data-e-type=\"widget\" data-widget_type=\"heading.default\">\n\t\t\t\t<div class=\"elementor-widget-container\">\n\t\t\t\t\t<h2 class=\"elementor-heading-title elementor-size-default\">COOKIES USED ON THE WEBSITE<\/h2>\t\t\t\t<\/div>\n\t\t\t\t<\/div>\n\t\t\t\t<div class=\"elementor-element elementor-element-45547116 elementor-widget elementor-widget-text-editor\" data-id=\"45547116\" data-element_type=\"widget\" data-e-type=\"widget\" data-widget_type=\"text-editor.default\">\n\t\t\t\t<div class=\"elementor-widget-container\">\n\t\t\t\t\t\t\t\t\t<div data-id=\"af60be1\" data-element_type=\"widget\" data-widget_type=\"heading.default\"><div><div data-id=\"896c0e9\" data-element_type=\"widget\" data-widget_type=\"text-editor.default\"><div><p>This website uses Google Analytics, a web analytics service that uses cookies to track visitors. Google Analytics cookies can be used to collect information such as<\/p><ul><li>from<\/li><li>location<\/li><li>pages visited (on this site)<\/li><li>from the open links<\/li><li>about visiting hours<\/li><li>the source of arrival.<\/li><\/ul><p>This website may contain embedded content from other sources. Downloading or accessing embedded content is comparable to visiting a third party website.<\/p><\/div><\/div><\/div><\/div>\t\t\t\t\t\t\t\t<\/div>\n\t\t\t\t<\/div>\n\t\t\t\t<div class=\"elementor-element elementor-element-38f79f96 elementor-widget elementor-widget-heading\" data-id=\"38f79f96\" data-element_type=\"widget\" data-e-type=\"widget\" data-widget_type=\"heading.default\">\n\t\t\t\t<div class=\"elementor-widget-container\">\n\t\t\t\t\t<h2 class=\"elementor-heading-title elementor-size-default\">PERSONALISATION OF THE INFORMATION COLLECTED\n<\/h2>\t\t\t\t<\/div>\n\t\t\t\t<\/div>\n\t\t\t\t<div class=\"elementor-element elementor-element-4d0f7db3 elementor-widget elementor-widget-text-editor\" data-id=\"4d0f7db3\" data-element_type=\"widget\" data-e-type=\"widget\" data-widget_type=\"text-editor.default\">\n\t\t\t\t<div class=\"elementor-widget-container\">\n\t\t\t\t\t\t\t\t\t<div data-id=\"af60be1\" data-element_type=\"widget\" data-widget_type=\"heading.default\"><div><div data-id=\"896c0e9\" data-element_type=\"widget\" data-widget_type=\"text-editor.default\"><div><p>None of the data collected can be attributed to individuals, as the IP addresses and other identifying information of individuals have been removed from the reports. Google Analytics reports provide indicative figures on the number of visitors, information about their devices and their behaviour on this website.<\/p><\/div><\/div><\/div><\/div>\t\t\t\t\t\t\t\t<\/div>\n\t\t\t\t<\/div>\n\t\t\t\t\t<\/div>\n\t\t<\/div>\n\t\t\t\t\t<\/div>\n\t\t<\/section>\n\t\t\t\t<\/div>","protected":false},"excerpt":{"rendered":"<p>REKISTERI- JA TIETOSUOJA&shy;SELOSTE T\u00e4m\u00e4 on Loimu Resortin EU:n yleisen tietosuoja-asetuksen (GDPR) mukainen rekisteri- ja tietosuojaseloste. Laadittu 4.1.2025. \u00a0 REKISTERINPIT\u00c4J\u00c4 Loimu ResortTirroniementie 4 C95980 Yll\u00e4sj\u00e4rviinfo@loimuresort.fi TIETOSUOJAAN LIITTYV\u00c4T PYYNN\u00d6T Tietosuojapyynn\u00f6ist\u00e4 vastaa Louru Oy. REKISTERIN NIMI Loimu Resort verkkopalvelun k\u00e4ytt\u00e4j\u00e4rekisteri. HENKIL\u00d6TIETOJEN K\u00c4SITTELYN TARKOITUS Henkil\u00f6tietojen k\u00e4sittelyn tarkoitus on yhteydenpito asiakkaisiin, asiakassuhteen yll\u00e4pito ja markkinointi. Lis\u00e4ksi ker\u00e4ttyj\u00e4 tietoja voidaan k\u00e4ytt\u00e4\u00e4 [&hellip;]<\/p>\n","protected":false},"author":1,"featured_media":0,"parent":0,"menu_order":0,"comment_status":"closed","ping_status":"closed","template":"elementor_header_footer","meta":{"_acf_changed":false,"footnotes":""},"class_list":["post-1470","page","type-page","status-publish","hentry"],"acf":[],"_links":{"self":[{"href":"https:\/\/loimuresort.fi\/en\/wp-json\/wp\/v2\/pages\/1470","targetHints":{"allow":["GET"]}}],"collection":[{"href":"https:\/\/loimuresort.fi\/en\/wp-json\/wp\/v2\/pages"}],"about":[{"href":"https:\/\/loimuresort.fi\/en\/wp-json\/wp\/v2\/types\/page"}],"author":[{"embeddable":true,"href":"https:\/\/loimuresort.fi\/en\/wp-json\/wp\/v2\/users\/1"}],"replies":[{"embeddable":true,"href":"https:\/\/loimuresort.fi\/en\/wp-json\/wp\/v2\/comments?post=1470"}],"version-history":[{"count":13,"href":"https:\/\/loimuresort.fi\/en\/wp-json\/wp\/v2\/pages\/1470\/revisions"}],"predecessor-version":[{"id":1931,"href":"https:\/\/loimuresort.fi\/en\/wp-json\/wp\/v2\/pages\/1470\/revisions\/1931"}],"wp:attachment":[{"href":"https:\/\/loimuresort.fi\/en\/wp-json\/wp\/v2\/media?parent=1470"}],"curies":[{"name":"wp","href":"https:\/\/api.w.org\/{rel}","templated":true}]}}